{"id":377,"date":"2022-03-05T19:43:47","date_gmt":"2022-03-05T19:43:47","guid":{"rendered":"https:\/\/temporal.si\/?page_id=377"},"modified":"2026-02-05T05:31:10","modified_gmt":"2026-02-05T05:31:10","slug":"pocetna","status":"publish","type":"page","link":"https:\/\/temporal.si\/index.php\/hr\/pocetna\/","title":{"rendered":"PO\u010cETNA"},"content":{"rendered":"<h6><span style=\"font-weight: 400;\"><strong>Untis softver<\/strong> je me\u0111unarodno priznata referenca me\u0111u programima za sastavljanje rasporeda sati. Uz njegovu pomo\u0107 mnoge hrvatske i slovenske \u0161kole ve\u0107 godinama uspje\u0161no sastavljaju rasporede.<\/span><\/h6>\n<h6><span style=\"font-weight: 400;\">\u25cf automatsko ili ru\u010dno planiranje na tjednoj ili godi\u0161njoj bazi,<br \/>\n<\/span><span style=\"font-weight: 400;\">\u25cf bilo koji broj veza izme\u0111u nastavnika i razreda,<br \/>\n<\/span><span style=\"font-weight: 400;\">\u25cf postavljanje vremenskih uvjeta, uzimaju\u0107i u obzir dostupnost nastavnika i specifi\u010dnosti va\u0161e \u0161kole,<br \/>\n<\/span><span style=\"font-weight: 400;\">\u25cf jednostavno uklju\u010divanje izbornih predmeta u raspored,<br \/>\n<\/span><span style=\"font-weight: 400;\">\u25cf ispis slo\u017eenih rasporeda u bilo kojem formatu,<br \/>\n<\/span><span style=\"font-weight: 400;\">\u25cf uvoz\/izvoz podataka izme\u0111u programa,<br \/>\n<\/span><span style=\"font-weight: 400;\">\u25cf prezentacija rasporeda online, preko pametnih telefona itd.<\/span><\/h6>\n<p style=\"text-align: center;\"><iframe loading=\"lazy\" title=\"YouTube video player\" src=\"https:\/\/www.youtube.com\/embed\/qtflbvmIDAM\" width=\"560\" height=\"315\" frameborder=\"0\" allowfullscreen=\"allowfullscreen\" data-mce-fragment=\"1\"><span data-mce-type=\"bookmark\" style=\"display: inline-block; width: 0px; overflow: hidden; line-height: 0;\" class=\"mce_SELRES_start\">\ufeff<\/span><\/iframe><\/p>\n<h6><span style=\"font-weight: 400;\"><strong>TEMPORAL<\/strong> je slu\u017ebeni zastupnik tvrtke Untis GmbH za Sloveniju i Hrvatsku ve\u0107 25 godina. Korisnicima Untis softvera nudimo svu potrebnu pomo\u0107 pri odluci o kupnji, implementaciji i podr\u0161ku pri sastavljanju rasporeda.<\/span><\/h6>\n","protected":false},"excerpt":{"rendered":"<p>Untis softver je me\u0111unarodno priznata referenca me\u0111u programima za sastavljanje rasporeda sati. Uz njegovu pomo\u0107 mnoge hrvatske i slovenske \u0161kole ve\u0107 godinama uspje\u0161no sastavljaju rasporede. \u25cf automatsko ili ru\u010dno planiranje na tjednoj ili godi\u0161njoj bazi, \u25cf bilo koji broj veza izme\u0111u nastavnika i razreda, \u25cf postavljanje vremenskih uvjeta, uzimaju\u0107i u obzir dostupnost nastavnika i specifi\u010dnosti &#8230; <a title=\"PO\u010cETNA\" class=\"read-more\" href=\"https:\/\/temporal.si\/index.php\/hr\/pocetna\/\" aria-label=\"More on PO\u010cETNA\">Read more<\/a><\/p>\n","protected":false},"author":1,"featured_media":0,"parent":0,"menu_order":0,"comment_status":"closed","ping_status":"closed","template":"","meta":{"footnotes":""},"class_list":["post-377","page","type-page","status-publish"],"yoast_head":"<!-- This site is optimized with the Yoast SEO plugin v26.9 - https:\/\/yoast.com\/product\/yoast-seo-wordpress\/ -->\n<title>PO\u010cETNA -<\/title>\n<meta name=\"robots\" content=\"index, follow, max-snippet:-1, max-image-preview:large, max-video-preview:-1\" \/>\n<link rel=\"canonical\" href=\"https:\/\/temporal.si\/index.php\/hr\/pocetna\/\" \/>\n<meta property=\"og:locale\" content=\"sl_SI\" \/>\n<meta property=\"og:type\" content=\"article\" \/>\n<meta property=\"og:title\" content=\"PO\u010cETNA -\" \/>\n<meta property=\"og:description\" content=\"Untis softver je me\u0111unarodno priznata referenca me\u0111u programima za sastavljanje rasporeda sati. Uz njegovu pomo\u0107 mnoge hrvatske i slovenske \u0161kole ve\u0107 godinama uspje\u0161no sastavljaju rasporede. \u25cf automatsko ili ru\u010dno planiranje na tjednoj ili godi\u0161njoj bazi, \u25cf bilo koji broj veza izme\u0111u nastavnika i razreda, \u25cf postavljanje vremenskih uvjeta, uzimaju\u0107i u obzir dostupnost nastavnika i specifi\u010dnosti ... Read more\" \/>\n<meta property=\"og:url\" content=\"https:\/\/temporal.si\/index.php\/hr\/pocetna\/\" \/>\n<meta property=\"article:modified_time\" content=\"2026-02-05T05:31:10+00:00\" \/>\n<meta name=\"twitter:card\" content=\"summary_large_image\" \/>\n<meta name=\"twitter:label1\" content=\"Est. reading time\" \/>\n\t<meta name=\"twitter:data1\" content=\"1 minuta\" \/>\n<script type=\"application\/ld+json\" class=\"yoast-schema-graph\">{\"@context\":\"https:\/\/schema.org\",\"@graph\":[{\"@type\":\"WebPage\",\"@id\":\"https:\/\/temporal.si\/index.php\/hr\/pocetna\/\",\"url\":\"https:\/\/temporal.si\/index.php\/hr\/pocetna\/\",\"name\":\"PO\u010cETNA -\",\"isPartOf\":{\"@id\":\"https:\/\/temporal.si\/#website\"},\"datePublished\":\"2022-03-05T19:43:47+00:00\",\"dateModified\":\"2026-02-05T05:31:10+00:00\",\"breadcrumb\":{\"@id\":\"https:\/\/temporal.si\/index.php\/hr\/pocetna\/#breadcrumb\"},\"inLanguage\":\"sl-SI\",\"potentialAction\":[{\"@type\":\"ReadAction\",\"target\":[\"https:\/\/temporal.si\/index.php\/hr\/pocetna\/\"]}]},{\"@type\":\"BreadcrumbList\",\"@id\":\"https:\/\/temporal.si\/index.php\/hr\/pocetna\/#breadcrumb\",\"itemListElement\":[{\"@type\":\"ListItem\",\"position\":1,\"name\":\"Home\",\"item\":\"https:\/\/temporal.si\/\"},{\"@type\":\"ListItem\",\"position\":2,\"name\":\"PO\u010cETNA\"}]},{\"@type\":\"WebSite\",\"@id\":\"https:\/\/temporal.si\/#website\",\"url\":\"https:\/\/temporal.si\/\",\"name\":\"\",\"description\":\"\",\"potentialAction\":[{\"@type\":\"SearchAction\",\"target\":{\"@type\":\"EntryPoint\",\"urlTemplate\":\"https:\/\/temporal.si\/?s={search_term_string}\"},\"query-input\":{\"@type\":\"PropertyValueSpecification\",\"valueRequired\":true,\"valueName\":\"search_term_string\"}}],\"inLanguage\":\"sl-SI\"}]}<\/script>\n<!-- \/ Yoast SEO plugin. -->","yoast_head_json":{"title":"PO\u010cETNA -","robots":{"index":"index","follow":"follow","max-snippet":"max-snippet:-1","max-image-preview":"max-image-preview:large","max-video-preview":"max-video-preview:-1"},"canonical":"https:\/\/temporal.si\/index.php\/hr\/pocetna\/","og_locale":"sl_SI","og_type":"article","og_title":"PO\u010cETNA -","og_description":"Untis softver je me\u0111unarodno priznata referenca me\u0111u programima za sastavljanje rasporeda sati. Uz njegovu pomo\u0107 mnoge hrvatske i slovenske \u0161kole ve\u0107 godinama uspje\u0161no sastavljaju rasporede. \u25cf automatsko ili ru\u010dno planiranje na tjednoj ili godi\u0161njoj bazi, \u25cf bilo koji broj veza izme\u0111u nastavnika i razreda, \u25cf postavljanje vremenskih uvjeta, uzimaju\u0107i u obzir dostupnost nastavnika i specifi\u010dnosti ... Read more","og_url":"https:\/\/temporal.si\/index.php\/hr\/pocetna\/","article_modified_time":"2026-02-05T05:31:10+00:00","twitter_card":"summary_large_image","twitter_misc":{"Est. reading time":"1 minuta"},"schema":{"@context":"https:\/\/schema.org","@graph":[{"@type":"WebPage","@id":"https:\/\/temporal.si\/index.php\/hr\/pocetna\/","url":"https:\/\/temporal.si\/index.php\/hr\/pocetna\/","name":"PO\u010cETNA -","isPartOf":{"@id":"https:\/\/temporal.si\/#website"},"datePublished":"2022-03-05T19:43:47+00:00","dateModified":"2026-02-05T05:31:10+00:00","breadcrumb":{"@id":"https:\/\/temporal.si\/index.php\/hr\/pocetna\/#breadcrumb"},"inLanguage":"sl-SI","potentialAction":[{"@type":"ReadAction","target":["https:\/\/temporal.si\/index.php\/hr\/pocetna\/"]}]},{"@type":"BreadcrumbList","@id":"https:\/\/temporal.si\/index.php\/hr\/pocetna\/#breadcrumb","itemListElement":[{"@type":"ListItem","position":1,"name":"Home","item":"https:\/\/temporal.si\/"},{"@type":"ListItem","position":2,"name":"PO\u010cETNA"}]},{"@type":"WebSite","@id":"https:\/\/temporal.si\/#website","url":"https:\/\/temporal.si\/","name":"","description":"","potentialAction":[{"@type":"SearchAction","target":{"@type":"EntryPoint","urlTemplate":"https:\/\/temporal.si\/?s={search_term_string}"},"query-input":{"@type":"PropertyValueSpecification","valueRequired":true,"valueName":"search_term_string"}}],"inLanguage":"sl-SI"}]}},"_links":{"self":[{"href":"https:\/\/temporal.si\/index.php\/wp-json\/wp\/v2\/pages\/377","targetHints":{"allow":["GET"]}}],"collection":[{"href":"https:\/\/temporal.si\/index.php\/wp-json\/wp\/v2\/pages"}],"about":[{"href":"https:\/\/temporal.si\/index.php\/wp-json\/wp\/v2\/types\/page"}],"author":[{"embeddable":true,"href":"https:\/\/temporal.si\/index.php\/wp-json\/wp\/v2\/users\/1"}],"replies":[{"embeddable":true,"href":"https:\/\/temporal.si\/index.php\/wp-json\/wp\/v2\/comments?post=377"}],"version-history":[{"count":1,"href":"https:\/\/temporal.si\/index.php\/wp-json\/wp\/v2\/pages\/377\/revisions"}],"predecessor-version":[{"id":378,"href":"https:\/\/temporal.si\/index.php\/wp-json\/wp\/v2\/pages\/377\/revisions\/378"}],"wp:attachment":[{"href":"https:\/\/temporal.si\/index.php\/wp-json\/wp\/v2\/media?parent=377"}],"curies":[{"name":"wp","href":"https:\/\/api.w.org\/{rel}","templated":true}]}}