{"id":380,"date":"2022-03-05T19:50:55","date_gmt":"2022-03-05T19:50:55","guid":{"rendered":"https:\/\/temporal.si\/?page_id=380"},"modified":"2026-04-01T12:02:49","modified_gmt":"2026-04-01T12:02:49","slug":"domov","status":"publish","type":"page","link":"https:\/\/temporal.si\/","title":{"rendered":"DOMOV"},"content":{"rendered":"<h6><b>Program Untis<\/b><span style=\"font-weight: 400;\"> je mednarodno priznana referenca med programi za sestavljanje urnikov. Z njegovo pomo\u010djo \u017ee leta uspe\u0161no sestavlja urnik tudi veliko slovenskih \u0161ol.<\/span><\/h6>\n<h6><span style=\"font-weight: 400;\">\u25cf avtomatsko ali ro\u010dno sestavljanje urnika na tedenski ali letni osnovi,<br \/>\n<\/span><span style=\"font-weight: 400;\">\u25cf poljubno \u0161tevilo povezav med u\u010ditelji in razredi,<br \/>\n<\/span><span style=\"font-weight: 400;\">\u25cf nastavitev \u010dasovnih zahtev, upo\u0161tevanje razpolo\u017eljivosti u\u010diteljev in specifike va\u0161e \u0161ole,<br \/>\n<\/span><span style=\"font-weight: 400;\">\u25cf enostavna vklju\u010ditev izbirnih predmetov v sestavljanje urnika,<br \/>\n<\/span><span style=\"font-weight: 400;\">\u25cf izpis sestavljenih urnikov v poljubni obliki,<br \/>\n<\/span><span style=\"font-weight: 400;\">\u25cf uva\u017eanje\/izva\u017eanje podatkov med programi,<br \/>\n<\/span><span style=\"font-weight: 400;\">\u25cf predstavitev urnikov v spletu, pametnih telefonih itd.<\/span><\/h6>\n<p style=\"text-align: center;\">\n<h6><b>TEMPORAL <\/b><span style=\"font-weight: 400;\">je \u017ee 25 let uradni zastopnik podjetja Untis GmbH za Slovenijo. Uporabnikom programske opreme Untis nudimo vso potrebno pomo\u010d pri nakupni odlo\u010ditvi, uvajanju in podporo pri sestavljanju urnika.<\/span><\/h6>\n","protected":false},"excerpt":{"rendered":"<p>Program Untis je mednarodno priznana referenca med programi za sestavljanje urnikov. Z njegovo pomo\u010djo \u017ee leta uspe\u0161no sestavlja urnik tudi veliko slovenskih \u0161ol. \u25cf avtomatsko ali ro\u010dno sestavljanje urnika na tedenski ali letni osnovi, \u25cf poljubno \u0161tevilo povezav med u\u010ditelji in razredi, \u25cf nastavitev \u010dasovnih zahtev, upo\u0161tevanje razpolo\u017eljivosti u\u010diteljev in specifike va\u0161e \u0161ole, \u25cf enostavna &#8230; <a title=\"DOMOV\" class=\"read-more\" href=\"https:\/\/temporal.si\/\" aria-label=\"More on DOMOV\">Read more<\/a><\/p>\n","protected":false},"author":1,"featured_media":0,"parent":0,"menu_order":0,"comment_status":"closed","ping_status":"closed","template":"","meta":{"footnotes":""},"class_list":["post-380","page","type-page","status-publish"],"yoast_head":"<!-- This site is optimized with the Yoast SEO plugin v26.9 - https:\/\/yoast.com\/product\/yoast-seo-wordpress\/ -->\n<title>DOMOV -<\/title>\n<meta name=\"robots\" content=\"index, follow, max-snippet:-1, max-image-preview:large, max-video-preview:-1\" \/>\n<link rel=\"canonical\" href=\"https:\/\/temporal.si\/\" \/>\n<meta property=\"og:locale\" content=\"sl_SI\" \/>\n<meta property=\"og:type\" content=\"article\" \/>\n<meta property=\"og:title\" content=\"DOMOV -\" \/>\n<meta property=\"og:description\" content=\"Program Untis je mednarodno priznana referenca med programi za sestavljanje urnikov. Z njegovo pomo\u010djo \u017ee leta uspe\u0161no sestavlja urnik tudi veliko slovenskih \u0161ol. \u25cf avtomatsko ali ro\u010dno sestavljanje urnika na tedenski ali letni osnovi, \u25cf poljubno \u0161tevilo povezav med u\u010ditelji in razredi, \u25cf nastavitev \u010dasovnih zahtev, upo\u0161tevanje razpolo\u017eljivosti u\u010diteljev in specifike va\u0161e \u0161ole, \u25cf enostavna ... Read more\" \/>\n<meta property=\"og:url\" content=\"https:\/\/temporal.si\/\" \/>\n<meta property=\"article:modified_time\" content=\"2026-04-01T12:02:49+00:00\" \/>\n<meta name=\"twitter:card\" content=\"summary_large_image\" \/>\n<meta name=\"twitter:label1\" content=\"Est. reading time\" \/>\n\t<meta name=\"twitter:data1\" content=\"1 minuta\" \/>\n<script type=\"application\/ld+json\" class=\"yoast-schema-graph\">{\"@context\":\"https:\/\/schema.org\",\"@graph\":[{\"@type\":\"WebPage\",\"@id\":\"https:\/\/temporal.si\/\",\"url\":\"https:\/\/temporal.si\/\",\"name\":\"DOMOV -\",\"isPartOf\":{\"@id\":\"https:\/\/temporal.si\/#website\"},\"datePublished\":\"2022-03-05T19:50:55+00:00\",\"dateModified\":\"2026-04-01T12:02:49+00:00\",\"breadcrumb\":{\"@id\":\"https:\/\/temporal.si\/#breadcrumb\"},\"inLanguage\":\"sl-SI\",\"potentialAction\":[{\"@type\":\"ReadAction\",\"target\":[\"https:\/\/temporal.si\/\"]}]},{\"@type\":\"BreadcrumbList\",\"@id\":\"https:\/\/temporal.si\/#breadcrumb\",\"itemListElement\":[{\"@type\":\"ListItem\",\"position\":1,\"name\":\"Home\",\"item\":\"https:\/\/temporal.si\/\"},{\"@type\":\"ListItem\",\"position\":2,\"name\":\"DOMOV\"}]},{\"@type\":\"WebSite\",\"@id\":\"https:\/\/temporal.si\/#website\",\"url\":\"https:\/\/temporal.si\/\",\"name\":\"\",\"description\":\"\",\"potentialAction\":[{\"@type\":\"SearchAction\",\"target\":{\"@type\":\"EntryPoint\",\"urlTemplate\":\"https:\/\/temporal.si\/?s={search_term_string}\"},\"query-input\":{\"@type\":\"PropertyValueSpecification\",\"valueRequired\":true,\"valueName\":\"search_term_string\"}}],\"inLanguage\":\"sl-SI\"}]}<\/script>\n<!-- \/ Yoast SEO plugin. -->","yoast_head_json":{"title":"DOMOV -","robots":{"index":"index","follow":"follow","max-snippet":"max-snippet:-1","max-image-preview":"max-image-preview:large","max-video-preview":"max-video-preview:-1"},"canonical":"https:\/\/temporal.si\/","og_locale":"sl_SI","og_type":"article","og_title":"DOMOV -","og_description":"Program Untis je mednarodno priznana referenca med programi za sestavljanje urnikov. Z njegovo pomo\u010djo \u017ee leta uspe\u0161no sestavlja urnik tudi veliko slovenskih \u0161ol. \u25cf avtomatsko ali ro\u010dno sestavljanje urnika na tedenski ali letni osnovi, \u25cf poljubno \u0161tevilo povezav med u\u010ditelji in razredi, \u25cf nastavitev \u010dasovnih zahtev, upo\u0161tevanje razpolo\u017eljivosti u\u010diteljev in specifike va\u0161e \u0161ole, \u25cf enostavna ... Read more","og_url":"https:\/\/temporal.si\/","article_modified_time":"2026-04-01T12:02:49+00:00","twitter_card":"summary_large_image","twitter_misc":{"Est. reading time":"1 minuta"},"schema":{"@context":"https:\/\/schema.org","@graph":[{"@type":"WebPage","@id":"https:\/\/temporal.si\/","url":"https:\/\/temporal.si\/","name":"DOMOV -","isPartOf":{"@id":"https:\/\/temporal.si\/#website"},"datePublished":"2022-03-05T19:50:55+00:00","dateModified":"2026-04-01T12:02:49+00:00","breadcrumb":{"@id":"https:\/\/temporal.si\/#breadcrumb"},"inLanguage":"sl-SI","potentialAction":[{"@type":"ReadAction","target":["https:\/\/temporal.si\/"]}]},{"@type":"BreadcrumbList","@id":"https:\/\/temporal.si\/#breadcrumb","itemListElement":[{"@type":"ListItem","position":1,"name":"Home","item":"https:\/\/temporal.si\/"},{"@type":"ListItem","position":2,"name":"DOMOV"}]},{"@type":"WebSite","@id":"https:\/\/temporal.si\/#website","url":"https:\/\/temporal.si\/","name":"","description":"","potentialAction":[{"@type":"SearchAction","target":{"@type":"EntryPoint","urlTemplate":"https:\/\/temporal.si\/?s={search_term_string}"},"query-input":{"@type":"PropertyValueSpecification","valueRequired":true,"valueName":"search_term_string"}}],"inLanguage":"sl-SI"}]}},"_links":{"self":[{"href":"https:\/\/temporal.si\/index.php\/wp-json\/wp\/v2\/pages\/380","targetHints":{"allow":["GET"]}}],"collection":[{"href":"https:\/\/temporal.si\/index.php\/wp-json\/wp\/v2\/pages"}],"about":[{"href":"https:\/\/temporal.si\/index.php\/wp-json\/wp\/v2\/types\/page"}],"author":[{"embeddable":true,"href":"https:\/\/temporal.si\/index.php\/wp-json\/wp\/v2\/users\/1"}],"replies":[{"embeddable":true,"href":"https:\/\/temporal.si\/index.php\/wp-json\/wp\/v2\/comments?post=380"}],"version-history":[{"count":6,"href":"https:\/\/temporal.si\/index.php\/wp-json\/wp\/v2\/pages\/380\/revisions"}],"predecessor-version":[{"id":565,"href":"https:\/\/temporal.si\/index.php\/wp-json\/wp\/v2\/pages\/380\/revisions\/565"}],"wp:attachment":[{"href":"https:\/\/temporal.si\/index.php\/wp-json\/wp\/v2\/media?parent=380"}],"curies":[{"name":"wp","href":"https:\/\/api.w.org\/{rel}","templated":true}]}}