{"id":439,"date":"2023-01-05T16:08:01","date_gmt":"2023-01-05T16:08:01","guid":{"rendered":"https:\/\/temporal.si\/?page_id=439"},"modified":"2026-04-15T10:28:28","modified_gmt":"2026-04-15T10:28:28","slug":"izobrazevanja","status":"publish","type":"page","link":"https:\/\/temporal.si\/index.php\/izobrazevanja\/","title":{"rendered":"IZOBRA\u017dEVANJA"},"content":{"rendered":"<h6>Izobra\u017eevanja v letu 2026:<\/h6>\n<h6><strong>01.\u00a0<\/strong><strong>OSVE\u017dIT<\/strong><strong>VENI<\/strong> <strong>SEMINAR<\/strong><strong><br \/>\n<\/strong>(Seminar za obstoje\u010de\/izku\u0161ene uporabnike programske opreme Untis)<\/h6>\n<h6>&#8211; 19. maj 2026 (1.del) | 16:00 &#8211; 18:00<br \/>\n&#8211; 20. maj 2026 (2.del) | 16:00 &#8211; 18:00<\/h6>\n<p>&nbsp;<\/p>\n<h6><strong>02. <\/strong><strong>ZA\u010cETNI\u0160KI <\/strong><strong><strong>SEMINAR<\/strong><\/strong><strong><strong><br \/>\n<\/strong><\/strong>(Seminar za nove uporabnike, ki se s programsko opremo Untis sre\u010dajo prvi\u010d)<\/h6>\n<h6>&#8211; 16. junij 2026 (1.del) | 16:00 &#8211; 18:00<br \/>\n&#8211; 17. junij 2026 (2.del) | 16:00 &#8211; 18:00<\/h6>\n<p>&nbsp;<\/p>\n<h6><strong><strong>03. IZBIRNI PREDMETI<\/strong><\/strong><br \/>\n(Nadaljevanje za\u010detni\u0161kega in osve\u017eitvenega seminarja na temo modula \u2018Na\u010drtovanje izbirnih predmetov\u2019)<\/h6>\n<h6>&#8211; 23. junij 2026 | 16:00 &#8211; 18:00<\/h6>\n<p>&nbsp;<\/p>\n<h6><strong><strong>04. SLOVENSKI URNIKI \u2013 SPECIFIKE IN RE\u0160ITVE<\/strong><\/strong><strong><strong><br \/>\n<\/strong><\/strong>(Demonstracija sestavljanja urnika)<\/h6>\n<h6>&#8211; 24. junij 2026 | 16:00 &#8211; 18:00<\/h6>\n<h6><\/h6>\n<h6>Seminarji Untis 2026 bodo potekali online v aplikaciji ZOOM. Obvezna je prijava vsaj teden dni pred izvedbo na naslov <a href=\"mailto:urniki@temporal.si\">urniki@temporal.si<\/a> (prijava naj vsebuje ime in priimek, \u0161olo ter naslov in datum seminarja na katerega se prijavljate). Vsi prijavljeni boste nekaj dni pred izvedbo seminarja prejeli elektronsko vabilo s povezavo.<br \/>\nZa \u0161ole z veljavno licenco je udele\u017eba na izobra\u017eevanjih brezpla\u010dna, za ostale je cena udele\u017ebe na posameznem seminarju 100 \u20ac na osebo.<\/h6>\n","protected":false},"excerpt":{"rendered":"<p>Izobra\u017eevanja v letu 2026: 01.\u00a0OSVE\u017dITVENI SEMINAR (Seminar za obstoje\u010de\/izku\u0161ene uporabnike programske opreme Untis) &#8211; 19. maj 2026 (1.del) | 16:00 &#8211; 18:00 &#8211; 20. maj 2026 (2.del) | 16:00 &#8211; 18:00 &nbsp; 02. ZA\u010cETNI\u0160KI SEMINAR (Seminar za nove uporabnike, ki se s programsko opremo Untis sre\u010dajo prvi\u010d) &#8211; 16. junij 2026 (1.del) | 16:00 &#8211; &#8230; <a title=\"IZOBRA\u017dEVANJA\" class=\"read-more\" href=\"https:\/\/temporal.si\/index.php\/izobrazevanja\/\" aria-label=\"More on IZOBRA\u017dEVANJA\">Read more<\/a><\/p>\n","protected":false},"author":1,"featured_media":0,"parent":0,"menu_order":0,"comment_status":"closed","ping_status":"closed","template":"","meta":{"footnotes":""},"class_list":["post-439","page","type-page","status-publish"],"yoast_head":"<!-- This site is optimized with the Yoast SEO plugin v26.9 - https:\/\/yoast.com\/product\/yoast-seo-wordpress\/ -->\n<title>IZOBRA\u017dEVANJA -<\/title>\n<meta name=\"robots\" content=\"index, follow, max-snippet:-1, max-image-preview:large, max-video-preview:-1\" \/>\n<link rel=\"canonical\" href=\"https:\/\/temporal.si\/index.php\/izobrazevanja\/\" \/>\n<meta property=\"og:locale\" content=\"sl_SI\" \/>\n<meta property=\"og:type\" content=\"article\" \/>\n<meta property=\"og:title\" content=\"IZOBRA\u017dEVANJA -\" \/>\n<meta property=\"og:description\" content=\"Izobra\u017eevanja v letu 2026: 01.\u00a0OSVE\u017dITVENI SEMINAR (Seminar za obstoje\u010de\/izku\u0161ene uporabnike programske opreme Untis) &#8211; 19. maj 2026 (1.del) | 16:00 &#8211; 18:00 &#8211; 20. maj 2026 (2.del) | 16:00 &#8211; 18:00 &nbsp; 02. ZA\u010cETNI\u0160KI SEMINAR (Seminar za nove uporabnike, ki se s programsko opremo Untis sre\u010dajo prvi\u010d) &#8211; 16. junij 2026 (1.del) | 16:00 &#8211; ... Read more\" \/>\n<meta property=\"og:url\" content=\"https:\/\/temporal.si\/index.php\/izobrazevanja\/\" \/>\n<meta property=\"article:modified_time\" content=\"2026-04-15T10:28:28+00:00\" \/>\n<meta name=\"twitter:card\" content=\"summary_large_image\" \/>\n<meta name=\"twitter:label1\" content=\"Est. reading time\" \/>\n\t<meta name=\"twitter:data1\" content=\"1 minuta\" \/>\n<script type=\"application\/ld+json\" class=\"yoast-schema-graph\">{\"@context\":\"https:\/\/schema.org\",\"@graph\":[{\"@type\":\"WebPage\",\"@id\":\"https:\/\/temporal.si\/index.php\/izobrazevanja\/\",\"url\":\"https:\/\/temporal.si\/index.php\/izobrazevanja\/\",\"name\":\"IZOBRA\u017dEVANJA -\",\"isPartOf\":{\"@id\":\"https:\/\/temporal.si\/#website\"},\"datePublished\":\"2023-01-05T16:08:01+00:00\",\"dateModified\":\"2026-04-15T10:28:28+00:00\",\"breadcrumb\":{\"@id\":\"https:\/\/temporal.si\/index.php\/izobrazevanja\/#breadcrumb\"},\"inLanguage\":\"sl-SI\",\"potentialAction\":[{\"@type\":\"ReadAction\",\"target\":[\"https:\/\/temporal.si\/index.php\/izobrazevanja\/\"]}]},{\"@type\":\"BreadcrumbList\",\"@id\":\"https:\/\/temporal.si\/index.php\/izobrazevanja\/#breadcrumb\",\"itemListElement\":[{\"@type\":\"ListItem\",\"position\":1,\"name\":\"Home\",\"item\":\"https:\/\/temporal.si\/\"},{\"@type\":\"ListItem\",\"position\":2,\"name\":\"IZOBRA\u017dEVANJA\"}]},{\"@type\":\"WebSite\",\"@id\":\"https:\/\/temporal.si\/#website\",\"url\":\"https:\/\/temporal.si\/\",\"name\":\"\",\"description\":\"\",\"potentialAction\":[{\"@type\":\"SearchAction\",\"target\":{\"@type\":\"EntryPoint\",\"urlTemplate\":\"https:\/\/temporal.si\/?s={search_term_string}\"},\"query-input\":{\"@type\":\"PropertyValueSpecification\",\"valueRequired\":true,\"valueName\":\"search_term_string\"}}],\"inLanguage\":\"sl-SI\"}]}<\/script>\n<!-- \/ Yoast SEO plugin. -->","yoast_head_json":{"title":"IZOBRA\u017dEVANJA -","robots":{"index":"index","follow":"follow","max-snippet":"max-snippet:-1","max-image-preview":"max-image-preview:large","max-video-preview":"max-video-preview:-1"},"canonical":"https:\/\/temporal.si\/index.php\/izobrazevanja\/","og_locale":"sl_SI","og_type":"article","og_title":"IZOBRA\u017dEVANJA -","og_description":"Izobra\u017eevanja v letu 2026: 01.\u00a0OSVE\u017dITVENI SEMINAR (Seminar za obstoje\u010de\/izku\u0161ene uporabnike programske opreme Untis) &#8211; 19. maj 2026 (1.del) | 16:00 &#8211; 18:00 &#8211; 20. maj 2026 (2.del) | 16:00 &#8211; 18:00 &nbsp; 02. ZA\u010cETNI\u0160KI SEMINAR (Seminar za nove uporabnike, ki se s programsko opremo Untis sre\u010dajo prvi\u010d) &#8211; 16. junij 2026 (1.del) | 16:00 &#8211; ... Read more","og_url":"https:\/\/temporal.si\/index.php\/izobrazevanja\/","article_modified_time":"2026-04-15T10:28:28+00:00","twitter_card":"summary_large_image","twitter_misc":{"Est. reading time":"1 minuta"},"schema":{"@context":"https:\/\/schema.org","@graph":[{"@type":"WebPage","@id":"https:\/\/temporal.si\/index.php\/izobrazevanja\/","url":"https:\/\/temporal.si\/index.php\/izobrazevanja\/","name":"IZOBRA\u017dEVANJA -","isPartOf":{"@id":"https:\/\/temporal.si\/#website"},"datePublished":"2023-01-05T16:08:01+00:00","dateModified":"2026-04-15T10:28:28+00:00","breadcrumb":{"@id":"https:\/\/temporal.si\/index.php\/izobrazevanja\/#breadcrumb"},"inLanguage":"sl-SI","potentialAction":[{"@type":"ReadAction","target":["https:\/\/temporal.si\/index.php\/izobrazevanja\/"]}]},{"@type":"BreadcrumbList","@id":"https:\/\/temporal.si\/index.php\/izobrazevanja\/#breadcrumb","itemListElement":[{"@type":"ListItem","position":1,"name":"Home","item":"https:\/\/temporal.si\/"},{"@type":"ListItem","position":2,"name":"IZOBRA\u017dEVANJA"}]},{"@type":"WebSite","@id":"https:\/\/temporal.si\/#website","url":"https:\/\/temporal.si\/","name":"","description":"","potentialAction":[{"@type":"SearchAction","target":{"@type":"EntryPoint","urlTemplate":"https:\/\/temporal.si\/?s={search_term_string}"},"query-input":{"@type":"PropertyValueSpecification","valueRequired":true,"valueName":"search_term_string"}}],"inLanguage":"sl-SI"}]}},"_links":{"self":[{"href":"https:\/\/temporal.si\/index.php\/wp-json\/wp\/v2\/pages\/439","targetHints":{"allow":["GET"]}}],"collection":[{"href":"https:\/\/temporal.si\/index.php\/wp-json\/wp\/v2\/pages"}],"about":[{"href":"https:\/\/temporal.si\/index.php\/wp-json\/wp\/v2\/types\/page"}],"author":[{"embeddable":true,"href":"https:\/\/temporal.si\/index.php\/wp-json\/wp\/v2\/users\/1"}],"replies":[{"embeddable":true,"href":"https:\/\/temporal.si\/index.php\/wp-json\/wp\/v2\/comments?post=439"}],"version-history":[{"count":50,"href":"https:\/\/temporal.si\/index.php\/wp-json\/wp\/v2\/pages\/439\/revisions"}],"predecessor-version":[{"id":567,"href":"https:\/\/temporal.si\/index.php\/wp-json\/wp\/v2\/pages\/439\/revisions\/567"}],"wp:attachment":[{"href":"https:\/\/temporal.si\/index.php\/wp-json\/wp\/v2\/media?parent=439"}],"curies":[{"name":"wp","href":"https:\/\/api.w.org\/{rel}","templated":true}]}}