{"id":82,"date":"2022-02-27T11:25:06","date_gmt":"2022-02-27T11:25:06","guid":{"rendered":"https:\/\/temporal.si\/temp\/?page_id=82"},"modified":"2026-01-17T10:36:57","modified_gmt":"2026-01-17T10:36:57","slug":"cenik","status":"publish","type":"page","link":"https:\/\/temporal.si\/index.php\/cenik\/","title":{"rendered":"CENIK"},"content":{"rendered":"<h6 style=\"text-align: left;\"><strong>CENIK PROGRAMSKE OPREME ZA SESTAVLJANJE URNIKA UNTIS ZA LETO 2026<\/strong><br \/>\n<strong>UNTIS SaaS (Software as a Service = \u010dasovno omejena licenca programske opreme)<\/strong><\/h6>\n<h6 style=\"text-align: left;\">\u00a0 \u00a0 \u00a0 \u00a0 \u00a0 \u00a0 \u00a0 \u00a0 \u00a0 \u00a0 \u00a0 \u00a0 \u00a0 \u00a0 \u00a0 \u00a0 \u00a0 \u00a0 \u00a0 \u00a0 \u00a0 \u00a0 \u00a0 \u00a0 \u00a0 \u00a0 \u00a0letni najem (vklju\u010dena udele\u017eba na izobra\u017eevanjih in pomo\u010d pri uporabi)<img loading=\"lazy\" decoding=\"async\" class=\"alignnone\" src=\"https:\/\/temporal.si\/files\/cenikuntis2026.png\" width=\"896\" height=\"335\" \/><\/h6>\n<h6><strong>Untis osnovni paket <\/strong>vklju\u010duje osnovne nastavitve (licenca, \u010dasovne sheme, \u0161olski koledar,\u2026), vnos osnovnih podatkov (razredi, u\u010ditelji, prostori,\u2026) in pouka (povezave, dvojne ure\/bloki,\u2026), avtomatsko in\/ali ro\u010dno sestavljanje urnika (razli\u010dne strategije sestavljanja, diagnoza) ter izpis\/prikaz urnikov po \u017eeljah.<\/h6>\n<h6>Glede na potrebe \u0161ole lahko njegove zmogljivosti raz\u0161irite s katerim od \u0161tevilnih dodatnih modulov.<\/h6>\n<h6>Veliki moduli:<br \/>\n\u25cf <a href=\"https:\/\/www.untis.at\/en\/products\/untis-basic-software\/course-scheduling-1\">Na\u010drtovanje izbirnih predmetov<\/a> &#8211; la\u017eja vklju\u010ditev izbirnih predmetov v urnik\u2026<br \/>\n\u25cf <a href=\"https:\/\/www.untis.at\/en\/products\/untis-basic-software\/substitution-planning-1\">Na\u010drtovanje nadome\u0161\u010danj<\/a> &#8211; iskanje zamenjav, kratkotrajne spremembe v urniku<br \/>\n\u25cf <a href=\"https:\/\/www.untis.at\/en\/products\/untis-basic-software\/calendar-and-full-year-planning-1\">Calendar letno na\u010drtovanje<\/a> &#8211; urnik na letni osnovi \u0161tevila ur, vsak teden je urnik v principu druga\u010den\u2026<\/h6>\n<h6>Mali moduli:<br \/>\n\u25cf <a href=\"https:\/\/www.untis.at\/en\/products\/untis-basic-software\/multi-week-timetable-1\">Ve\u010dtedenski urnik<\/a> &#8211; A\/B, \u010dasovno omejen pouk, ve\u010d \u010dasovnih shem\u2026<br \/>\n\u25cf <a href=\"https:\/\/www.untis.at\/en\/products\/untis-basic-software\/lesson-planning-and-value-calculation-1\">Na\u010drtovanje pouka<\/a> &#8211; preglednej\u0161e na\u010drtovanje pouka, vrednotenje dela, sistematizacija\u2026<br \/>\n\u25cf <a href=\"https:\/\/www.untis.at\/en\/products\/untis-basic-software\/break-supervisions-1\">De\u017eurstvo<\/a> &#8211; na\u010drtovanje de\u017eurstev med odmori<\/h6>\n<h6><strong>Primer<\/strong> (1 letni najem , 2026):<br \/>\n500 u\u010dencev (\u0161ola M), Untis: 404 \u20ac<br \/>\n300 u\u010dencev (\u0161ola S), Untis + modul &#8216;Na\u010drtovanje izbirnih predmetov&#8217;, + modul &#8216;Ve\u010dtedenski urnik&#8217;: 476 \u20ac<\/h6>\n","protected":false},"excerpt":{"rendered":"<p>CENIK PROGRAMSKE OPREME ZA SESTAVLJANJE URNIKA UNTIS ZA LETO 2026 UNTIS SaaS (Software as a Service = \u010dasovno omejena licenca programske opreme) \u00a0 \u00a0 \u00a0 \u00a0 \u00a0 \u00a0 \u00a0 \u00a0 \u00a0 \u00a0 \u00a0 \u00a0 \u00a0 \u00a0 \u00a0 \u00a0 \u00a0 \u00a0 \u00a0 \u00a0 \u00a0 \u00a0 \u00a0 \u00a0 \u00a0 \u00a0 \u00a0letni najem (vklju\u010dena udele\u017eba na izobra\u017eevanjih in &#8230; <a title=\"CENIK\" class=\"read-more\" href=\"https:\/\/temporal.si\/index.php\/cenik\/\" aria-label=\"More on CENIK\">Read more<\/a><\/p>\n","protected":false},"author":1,"featured_media":0,"parent":0,"menu_order":0,"comment_status":"closed","ping_status":"closed","template":"","meta":{"footnotes":""},"class_list":["post-82","page","type-page","status-publish"],"yoast_head":"<!-- This site is optimized with the Yoast SEO plugin v26.9 - https:\/\/yoast.com\/product\/yoast-seo-wordpress\/ -->\n<title>CENIK -<\/title>\n<meta name=\"robots\" content=\"index, follow, max-snippet:-1, max-image-preview:large, max-video-preview:-1\" \/>\n<link rel=\"canonical\" href=\"https:\/\/temporal.si\/index.php\/cenik\/\" \/>\n<meta property=\"og:locale\" content=\"sl_SI\" \/>\n<meta property=\"og:type\" content=\"article\" \/>\n<meta property=\"og:title\" content=\"CENIK -\" \/>\n<meta property=\"og:description\" content=\"CENIK PROGRAMSKE OPREME ZA SESTAVLJANJE URNIKA UNTIS ZA LETO 2026 UNTIS SaaS (Software as a Service = \u010dasovno omejena licenca programske opreme) \u00a0 \u00a0 \u00a0 \u00a0 \u00a0 \u00a0 \u00a0 \u00a0 \u00a0 \u00a0 \u00a0 \u00a0 \u00a0 \u00a0 \u00a0 \u00a0 \u00a0 \u00a0 \u00a0 \u00a0 \u00a0 \u00a0 \u00a0 \u00a0 \u00a0 \u00a0 \u00a0letni najem (vklju\u010dena udele\u017eba na izobra\u017eevanjih in ... Read more\" \/>\n<meta property=\"og:url\" content=\"https:\/\/temporal.si\/index.php\/cenik\/\" \/>\n<meta property=\"article:modified_time\" content=\"2026-01-17T10:36:57+00:00\" \/>\n<meta property=\"og:image\" content=\"https:\/\/temporal.si\/files\/cenikuntis2026.png\" \/>\n<meta name=\"twitter:card\" content=\"summary_large_image\" \/>\n<meta name=\"twitter:label1\" content=\"Est. reading time\" \/>\n\t<meta name=\"twitter:data1\" content=\"2 minuti\" \/>\n<script type=\"application\/ld+json\" class=\"yoast-schema-graph\">{\"@context\":\"https:\/\/schema.org\",\"@graph\":[{\"@type\":\"WebPage\",\"@id\":\"https:\/\/temporal.si\/index.php\/cenik\/\",\"url\":\"https:\/\/temporal.si\/index.php\/cenik\/\",\"name\":\"CENIK -\",\"isPartOf\":{\"@id\":\"https:\/\/temporal.si\/#website\"},\"primaryImageOfPage\":{\"@id\":\"https:\/\/temporal.si\/index.php\/cenik\/#primaryimage\"},\"image\":{\"@id\":\"https:\/\/temporal.si\/index.php\/cenik\/#primaryimage\"},\"thumbnailUrl\":\"https:\/\/temporal.si\/files\/cenikuntis2026.png\",\"datePublished\":\"2022-02-27T11:25:06+00:00\",\"dateModified\":\"2026-01-17T10:36:57+00:00\",\"breadcrumb\":{\"@id\":\"https:\/\/temporal.si\/index.php\/cenik\/#breadcrumb\"},\"inLanguage\":\"sl-SI\",\"potentialAction\":[{\"@type\":\"ReadAction\",\"target\":[\"https:\/\/temporal.si\/index.php\/cenik\/\"]}]},{\"@type\":\"ImageObject\",\"inLanguage\":\"sl-SI\",\"@id\":\"https:\/\/temporal.si\/index.php\/cenik\/#primaryimage\",\"url\":\"https:\/\/temporal.si\/files\/cenikuntis2026.png\",\"contentUrl\":\"https:\/\/temporal.si\/files\/cenikuntis2026.png\"},{\"@type\":\"BreadcrumbList\",\"@id\":\"https:\/\/temporal.si\/index.php\/cenik\/#breadcrumb\",\"itemListElement\":[{\"@type\":\"ListItem\",\"position\":1,\"name\":\"Home\",\"item\":\"https:\/\/temporal.si\/\"},{\"@type\":\"ListItem\",\"position\":2,\"name\":\"CENIK\"}]},{\"@type\":\"WebSite\",\"@id\":\"https:\/\/temporal.si\/#website\",\"url\":\"https:\/\/temporal.si\/\",\"name\":\"\",\"description\":\"\",\"potentialAction\":[{\"@type\":\"SearchAction\",\"target\":{\"@type\":\"EntryPoint\",\"urlTemplate\":\"https:\/\/temporal.si\/?s={search_term_string}\"},\"query-input\":{\"@type\":\"PropertyValueSpecification\",\"valueRequired\":true,\"valueName\":\"search_term_string\"}}],\"inLanguage\":\"sl-SI\"}]}<\/script>\n<!-- \/ Yoast SEO plugin. -->","yoast_head_json":{"title":"CENIK -","robots":{"index":"index","follow":"follow","max-snippet":"max-snippet:-1","max-image-preview":"max-image-preview:large","max-video-preview":"max-video-preview:-1"},"canonical":"https:\/\/temporal.si\/index.php\/cenik\/","og_locale":"sl_SI","og_type":"article","og_title":"CENIK -","og_description":"CENIK PROGRAMSKE OPREME ZA SESTAVLJANJE URNIKA UNTIS ZA LETO 2026 UNTIS SaaS (Software as a Service = \u010dasovno omejena licenca programske opreme) \u00a0 \u00a0 \u00a0 \u00a0 \u00a0 \u00a0 \u00a0 \u00a0 \u00a0 \u00a0 \u00a0 \u00a0 \u00a0 \u00a0 \u00a0 \u00a0 \u00a0 \u00a0 \u00a0 \u00a0 \u00a0 \u00a0 \u00a0 \u00a0 \u00a0 \u00a0 \u00a0letni najem (vklju\u010dena udele\u017eba na izobra\u017eevanjih in ... Read more","og_url":"https:\/\/temporal.si\/index.php\/cenik\/","article_modified_time":"2026-01-17T10:36:57+00:00","og_image":[{"url":"https:\/\/temporal.si\/files\/cenikuntis2026.png","type":"","width":"","height":""}],"twitter_card":"summary_large_image","twitter_misc":{"Est. reading time":"2 minuti"},"schema":{"@context":"https:\/\/schema.org","@graph":[{"@type":"WebPage","@id":"https:\/\/temporal.si\/index.php\/cenik\/","url":"https:\/\/temporal.si\/index.php\/cenik\/","name":"CENIK -","isPartOf":{"@id":"https:\/\/temporal.si\/#website"},"primaryImageOfPage":{"@id":"https:\/\/temporal.si\/index.php\/cenik\/#primaryimage"},"image":{"@id":"https:\/\/temporal.si\/index.php\/cenik\/#primaryimage"},"thumbnailUrl":"https:\/\/temporal.si\/files\/cenikuntis2026.png","datePublished":"2022-02-27T11:25:06+00:00","dateModified":"2026-01-17T10:36:57+00:00","breadcrumb":{"@id":"https:\/\/temporal.si\/index.php\/cenik\/#breadcrumb"},"inLanguage":"sl-SI","potentialAction":[{"@type":"ReadAction","target":["https:\/\/temporal.si\/index.php\/cenik\/"]}]},{"@type":"ImageObject","inLanguage":"sl-SI","@id":"https:\/\/temporal.si\/index.php\/cenik\/#primaryimage","url":"https:\/\/temporal.si\/files\/cenikuntis2026.png","contentUrl":"https:\/\/temporal.si\/files\/cenikuntis2026.png"},{"@type":"BreadcrumbList","@id":"https:\/\/temporal.si\/index.php\/cenik\/#breadcrumb","itemListElement":[{"@type":"ListItem","position":1,"name":"Home","item":"https:\/\/temporal.si\/"},{"@type":"ListItem","position":2,"name":"CENIK"}]},{"@type":"WebSite","@id":"https:\/\/temporal.si\/#website","url":"https:\/\/temporal.si\/","name":"","description":"","potentialAction":[{"@type":"SearchAction","target":{"@type":"EntryPoint","urlTemplate":"https:\/\/temporal.si\/?s={search_term_string}"},"query-input":{"@type":"PropertyValueSpecification","valueRequired":true,"valueName":"search_term_string"}}],"inLanguage":"sl-SI"}]}},"_links":{"self":[{"href":"https:\/\/temporal.si\/index.php\/wp-json\/wp\/v2\/pages\/82","targetHints":{"allow":["GET"]}}],"collection":[{"href":"https:\/\/temporal.si\/index.php\/wp-json\/wp\/v2\/pages"}],"about":[{"href":"https:\/\/temporal.si\/index.php\/wp-json\/wp\/v2\/types\/page"}],"author":[{"embeddable":true,"href":"https:\/\/temporal.si\/index.php\/wp-json\/wp\/v2\/users\/1"}],"replies":[{"embeddable":true,"href":"https:\/\/temporal.si\/index.php\/wp-json\/wp\/v2\/comments?post=82"}],"version-history":[{"count":97,"href":"https:\/\/temporal.si\/index.php\/wp-json\/wp\/v2\/pages\/82\/revisions"}],"predecessor-version":[{"id":559,"href":"https:\/\/temporal.si\/index.php\/wp-json\/wp\/v2\/pages\/82\/revisions\/559"}],"wp:attachment":[{"href":"https:\/\/temporal.si\/index.php\/wp-json\/wp\/v2\/media?parent=82"}],"curies":[{"name":"wp","href":"https:\/\/api.w.org\/{rel}","templated":true}]}}