{"id":90,"date":"2022-02-27T11:27:00","date_gmt":"2022-02-27T11:27:00","guid":{"rendered":"https:\/\/temporal.si\/temp\/?page_id=90"},"modified":"2022-03-06T11:38:26","modified_gmt":"2022-03-06T11:38:26","slug":"untis","status":"publish","type":"page","link":"https:\/\/temporal.si\/index.php\/untis\/","title":{"rendered":"UNTIS"},"content":{"rendered":"<p><img loading=\"lazy\" decoding=\"async\" class=\"wp-image-237 alignleft\" src=\"https:\/\/temporal.si\/temp\/wp-content\/uploads\/2022\/02\/csm_Untis_Grundpaket_3e77ce607e.jpg\" alt=\"\" width=\"253\" height=\"166\" srcset=\"https:\/\/temporal.si\/wp-content\/uploads\/2022\/02\/csm_Untis_Grundpaket_3e77ce607e.jpg 558w, https:\/\/temporal.si\/wp-content\/uploads\/2022\/02\/csm_Untis_Grundpaket_3e77ce607e-300x197.jpg 300w, https:\/\/temporal.si\/wp-content\/uploads\/2022\/02\/csm_Untis_Grundpaket_3e77ce607e-18x12.jpg 18w\" sizes=\"auto, (max-width: 253px) 100vw, 253px\" \/><\/p>\n<p style=\"color: #ff3c12;\"><strong>Avtomatsko sestavljanje urnika<\/strong><\/p>\n<h6>Prepustite najte\u017eje delo Untisu. Najsodobnej\u0161i algoritem vam pomaga najti najbolj\u0161o \u010dasovno razporeditev ur pouka.<\/h6>\n<p>&nbsp;<\/p>\n<p>&nbsp;<\/p>\n<p><img loading=\"lazy\" decoding=\"async\" class=\"wp-image-230 alignleft\" src=\"https:\/\/temporal.si\/temp\/wp-content\/uploads\/2022\/02\/csm_testen_v3_5cc3641897.png\" alt=\"\" width=\"252\" height=\"204\" srcset=\"https:\/\/temporal.si\/wp-content\/uploads\/2022\/02\/csm_testen_v3_5cc3641897.png 720w, https:\/\/temporal.si\/wp-content\/uploads\/2022\/02\/csm_testen_v3_5cc3641897-300x243.png 300w, https:\/\/temporal.si\/wp-content\/uploads\/2022\/02\/csm_testen_v3_5cc3641897-15x12.png 15w\" sizes=\"auto, (max-width: 252px) 100vw, 252px\" \/><\/p>\n<p>&nbsp;<\/p>\n<p style=\"color: #ff3c12;\"><strong>Enostaven za uporabo<\/strong><\/p>\n<h6><span style=\"font-size: inherit;\">Uporabni\u0161ki vmesnik je enostaven in prijazen. Vklju\u010den <\/span>\u010darovnik vas vodi skozi celoten proces sestavljanja urnika.<\/h6>\n<p>&nbsp;<\/p>\n<p>&nbsp;<\/p>\n<p><img loading=\"lazy\" decoding=\"async\" class=\"wp-image-236 alignleft\" src=\"https:\/\/temporal.si\/temp\/wp-content\/uploads\/2022\/02\/csm_planing_7e33293241.jpg\" alt=\"\" width=\"254\" height=\"167\" srcset=\"https:\/\/temporal.si\/wp-content\/uploads\/2022\/02\/csm_planing_7e33293241.jpg 1013w, https:\/\/temporal.si\/wp-content\/uploads\/2022\/02\/csm_planing_7e33293241-300x198.jpg 300w, https:\/\/temporal.si\/wp-content\/uploads\/2022\/02\/csm_planing_7e33293241-768x506.jpg 768w, https:\/\/temporal.si\/wp-content\/uploads\/2022\/02\/csm_planing_7e33293241-18x12.jpg 18w\" sizes=\"auto, (max-width: 254px) 100vw, 254px\" \/><\/p>\n<p style=\"color: #ff3c12;\"><strong>Sodelovanje<\/strong><\/p>\n<h6><span style=\"font-weight: 400;\">Razporedite naloge v timu. Izkoristite strokovno znanje pri na\u010drtovanju in izdelavi urnikov<\/span><span style=\"font-weight: 400;\">. Untis omogo\u010da, da ve\u010d uporabnikov dela na urniku hkrati.<\/span><\/h6>\n<p>&nbsp;<\/p>\n<p>&nbsp;<\/p>\n<hr \/>\n<p style=\"color: #ff3c12; text-align: center;\"><strong>Velika funkcionalnost<\/strong><\/p>\n<h6><strong><span style=\"color: #ff3c12;\"><img loading=\"lazy\" decoding=\"async\" class=\"wp-image-231 size-medium alignright\" src=\"https:\/\/temporal.si\/temp\/wp-content\/uploads\/2022\/02\/csm_Website_v4_956d2eb4cb-300x238.png\" alt=\"\" width=\"300\" height=\"238\" srcset=\"https:\/\/temporal.si\/wp-content\/uploads\/2022\/02\/csm_Website_v4_956d2eb4cb-300x238.png 300w, https:\/\/temporal.si\/wp-content\/uploads\/2022\/02\/csm_Website_v4_956d2eb4cb-15x12.png 15w, https:\/\/temporal.si\/wp-content\/uploads\/2022\/02\/csm_Website_v4_956d2eb4cb.png 720w\" sizes=\"auto, (max-width: 300px) 100vw, 300px\" \/><\/span><\/strong><\/h6>\n<h6><strong><span style=\"color: #ff3c12;\">Kadrovska porazdelitev dela v \u0161oli<br \/>\n<\/span><\/strong><span style=\"font-weight: 400;\">Koliko ur pouka pou\u010dujejo u\u010ditelji, pri katerih predmetih? <\/span><span style=\"font-weight: 400;\">Katero dodatno delo je \u0161e potrebno razporediti? Z Untisom najdete odgovore na ta vpra\u0161anja hitrej\u0161e in la\u017eje.<\/span><\/h6>\n<h6><\/h6>\n<h6><strong><span style=\"color: #ff3c12;\">Prilagodljivo upravljanje izobra\u017eevalnega procesa<br \/>\n<\/span><\/strong><span style=\"font-weight: 400;\">Letni, polletni, dvotedenski ali ob\u010dasni pouk. Untis vam pomaga sestaviti urnik, prilagojen va\u0161im specifi\u010dnim zahtevam.<\/span><\/h6>\n<h6><\/h6>\n<p>&nbsp;<\/p>\n<h6><strong><span style=\"color: #ff3c12;\"><img loading=\"lazy\" decoding=\"async\" class=\"size-medium wp-image-319 alignleft\" src=\"https:\/\/temporal.si\/temp\/wp-content\/uploads\/2022\/03\/csm_webinar_banner_c2cb956816-300x198.png\" alt=\"\" width=\"300\" height=\"198\" srcset=\"https:\/\/temporal.si\/wp-content\/uploads\/2022\/03\/csm_webinar_banner_c2cb956816-300x198.png 300w, https:\/\/temporal.si\/wp-content\/uploads\/2022\/03\/csm_webinar_banner_c2cb956816-768x506.png 768w, https:\/\/temporal.si\/wp-content\/uploads\/2022\/03\/csm_webinar_banner_c2cb956816-18x12.png 18w, https:\/\/temporal.si\/wp-content\/uploads\/2022\/03\/csm_webinar_banner_c2cb956816.png 1013w\" sizes=\"auto, (max-width: 300px) 100vw, 300px\" \/>Razli\u010dne \u010dasovne mre\u017ee<br \/>\n<\/span><\/strong><span style=\"font-weight: 400;\">Ali imajo nekateri razredi 45-minutne ure, drugi <\/span><span style=\"font-weight: 400;\">pa 60-minutne? <\/span><span style=\"font-weight: 400;\">Ne skrbite. Z uporabo razli\u010dnih \u010dasovnih mre\u017e lahko prilagodite urnik posebnostim posameznega razreda.<\/span><\/h6>\n<h6><\/h6>\n<h6><strong><span style=\"color: #ff3c12;\">Obve\u0161\u010danje po e-po\u0161ti<br \/>\n<\/span><\/strong><span style=\"font-weight: 400;\">Urnik je sestavljen, potrebno je samo \u0161e obvestiti udele\u017eence. Prispevajte k re\u0161evanju na\u0161ega planeta in uporabite e-po\u0161to. Brez papirja z nekaj kliki\u2026<\/span><\/h6>\n<p>&nbsp;<\/p>\n<h6><strong><span style=\"color: #ff3c12;\">Analiza urnika<\/span><\/strong><img loading=\"lazy\" decoding=\"async\" class=\" wp-image-322 alignright\" src=\"https:\/\/temporal.si\/temp\/wp-content\/uploads\/2022\/03\/csm_Manuelle_Nachbearbeitung_85a9109fa3-300x225.jpg\" alt=\"\" width=\"320\" height=\"240\" srcset=\"https:\/\/temporal.si\/wp-content\/uploads\/2022\/03\/csm_Manuelle_Nachbearbeitung_85a9109fa3-300x225.jpg 300w, https:\/\/temporal.si\/wp-content\/uploads\/2022\/03\/csm_Manuelle_Nachbearbeitung_85a9109fa3-16x12.jpg 16w, https:\/\/temporal.si\/wp-content\/uploads\/2022\/03\/csm_Manuelle_Nachbearbeitung_85a9109fa3.jpg 558w\" sizes=\"auto, (max-width: 320px) 100vw, 320px\" \/><span style=\"font-size: inherit;\"><br \/>\n100+ diagnosti\u010dnih to\u010dk. Temeljita analiza vsake postavljene zahteve. Untis ne bo ni\u010desar <\/span><span style=\"font-weight: 400;\">spregledal.<\/span><\/h6>\n<h6><strong style=\"font-size: inherit;\"><span style=\"color: #ff3c12;\">Postavljanje prioritet<br \/>\n<\/span><\/strong><span style=\"font-weight: 400;\">Vsaka izobra\u017eevalna organizacija ima svoje pogoje in zahteve. Z uporabo Untisovega naprednega sistema obte\u017eitev dolo\u010dite, kaj je za va\u0161o institucijo pomembnej\u0161e.<\/span><\/h6>\n<h6><strong><span style=\"color: #ff3c12;\">Enostavna namestitev programa<br \/>\n<\/span><\/strong><span style=\"font-weight: 400;\">3 minute, dva, trije kliki in &#8230; to je to. Spoznali boste,<br \/>\nkako zelo enostavno je.<\/span><\/h6>\n<h6><span style=\"font-weight: 400;\">&#8230;in \u0161e mnogo ve\u010d<\/span><\/h6>\n<hr \/>\n<h6><strong><span style=\"color: #ff3c12;\">Stalna evolucija<br \/>\n<\/span><\/strong><span style=\"font-weight: 400;\">Vsako leto nova razli\u010dica programske opreme z izbolj\u0161avami, ki jih predlagajo uporabniki.<\/span><\/h6>\n<h6><strong><span style=\"color: #ff3c12;\">Varnostne kopije<br \/>\n<\/span><\/strong><span style=\"font-weight: 400;\">Zmanjkalo je elektrike, ra\u010dunalnik se je sesul? Ni nevarnosti izgube va\u0161ega truda in podatkov, Untis naredi samodejne varnostne kopije.<\/span><\/h6>\n<h6><strong><span style=\"color: #ff3c12;\">Izobra\u017eevanje uporabnikov<br \/>\n<\/span><\/strong><span style=\"font-weight: 400;\">Pridru\u017eite se nam na enem izmed na\u0161ih seminarjev in izmenjujte svoje izku\u0161nje z ostalimi urni\u010darji.<\/span><\/h6>\n<h6><strong><span style=\"color: #ff3c12;\">Tehni\u010dna dokumentacija in podpora uporabnikom<br \/>\n<\/span><\/strong><span style=\"font-weight: 400;\">Priro\u010dniki in on-line navodila.\u00a0 Odli\u010dna storitev podpore uporabnikom pri re\u0161evanju morebitnih zagat. V obliki, ki vam najbolj ustreza, po telefonu, spletnem klepetu ali e-po\u0161ti.<\/span><\/h6>\n<h6><strong><span style=\"color: #ff3c12;\">Formati po meri<br \/>\n<\/span><\/strong><span style=\"font-weight: 400;\">\u0160tevilni seznami in poro\u010dila s podatki, ki jih potrebujete za analize. Konfigurirajte, kaj \u017eelite in kako \u017eelite.<\/span><\/h6>\n<h6><strong><span style=\"color: #ff3c12;\">Zdru\u017eljivost in povezljivost<br \/>\n<\/span><\/strong><span style=\"font-weight: 400;\">Izvozite svoje podatke v Excel ali v tekstovno datoteko in pove\u017eite Untis z ostalo programsko opremo.<\/span><\/h6>\n<h6><span style=\"font-weight: 400; color: #ff3c12;\"><strong>Urniki na kateri koli napravi in \u200b\u200bkjerkoli<\/strong><br \/>\n<\/span><span style=\"font-weight: 400;\">Zagotavljanje kakovostne storitve celotni izobra\u017eevalni skupnosti. Informacije o urniku in njegovih spremembah se posodabljajo v realnem \u010dasu.<\/span><\/h6>\n","protected":false},"excerpt":{"rendered":"<p>Avtomatsko sestavljanje urnika Prepustite najte\u017eje delo Untisu. Najsodobnej\u0161i algoritem vam pomaga najti najbolj\u0161o \u010dasovno razporeditev ur pouka. &nbsp; &nbsp; &nbsp; Enostaven za uporabo Uporabni\u0161ki vmesnik je enostaven in prijazen. Vklju\u010den \u010darovnik vas vodi skozi celoten proces sestavljanja urnika. &nbsp; &nbsp; Sodelovanje Razporedite naloge v timu. Izkoristite strokovno znanje pri na\u010drtovanju in izdelavi urnikov. Untis omogo\u010da, &#8230; <a title=\"UNTIS\" class=\"read-more\" href=\"https:\/\/temporal.si\/index.php\/untis\/\" aria-label=\"More on UNTIS\">Read more<\/a><\/p>\n","protected":false},"author":1,"featured_media":0,"parent":0,"menu_order":0,"comment_status":"closed","ping_status":"closed","template":"","meta":{"footnotes":""},"class_list":["post-90","page","type-page","status-publish"],"yoast_head":"<!-- This site is optimized with the Yoast SEO plugin v26.9 - https:\/\/yoast.com\/product\/yoast-seo-wordpress\/ -->\n<title>UNTIS -<\/title>\n<meta name=\"robots\" content=\"index, follow, max-snippet:-1, max-image-preview:large, max-video-preview:-1\" \/>\n<link rel=\"canonical\" href=\"https:\/\/temporal.si\/index.php\/untis\/\" \/>\n<meta property=\"og:locale\" content=\"sl_SI\" \/>\n<meta property=\"og:type\" content=\"article\" \/>\n<meta property=\"og:title\" content=\"UNTIS -\" \/>\n<meta property=\"og:description\" content=\"Avtomatsko sestavljanje urnika Prepustite najte\u017eje delo Untisu. Najsodobnej\u0161i algoritem vam pomaga najti najbolj\u0161o \u010dasovno razporeditev ur pouka. &nbsp; &nbsp; &nbsp; Enostaven za uporabo Uporabni\u0161ki vmesnik je enostaven in prijazen. Vklju\u010den \u010darovnik vas vodi skozi celoten proces sestavljanja urnika. &nbsp; &nbsp; Sodelovanje Razporedite naloge v timu. Izkoristite strokovno znanje pri na\u010drtovanju in izdelavi urnikov. Untis omogo\u010da, ... Read more\" \/>\n<meta property=\"og:url\" content=\"https:\/\/temporal.si\/index.php\/untis\/\" \/>\n<meta property=\"article:modified_time\" content=\"2022-03-06T11:38:26+00:00\" \/>\n<meta property=\"og:image\" content=\"https:\/\/temporal.si\/temp\/wp-content\/uploads\/2022\/02\/csm_Untis_Grundpaket_3e77ce607e.jpg\" \/>\n<meta name=\"twitter:card\" content=\"summary_large_image\" \/>\n<meta name=\"twitter:label1\" content=\"Est. reading time\" \/>\n\t<meta name=\"twitter:data1\" content=\"1 minuta\" \/>\n<script type=\"application\/ld+json\" class=\"yoast-schema-graph\">{\"@context\":\"https:\/\/schema.org\",\"@graph\":[{\"@type\":\"WebPage\",\"@id\":\"https:\/\/temporal.si\/index.php\/untis\/\",\"url\":\"https:\/\/temporal.si\/index.php\/untis\/\",\"name\":\"UNTIS -\",\"isPartOf\":{\"@id\":\"https:\/\/temporal.si\/#website\"},\"primaryImageOfPage\":{\"@id\":\"https:\/\/temporal.si\/index.php\/untis\/#primaryimage\"},\"image\":{\"@id\":\"https:\/\/temporal.si\/index.php\/untis\/#primaryimage\"},\"thumbnailUrl\":\"https:\/\/temporal.si\/temp\/wp-content\/uploads\/2022\/02\/csm_Untis_Grundpaket_3e77ce607e.jpg\",\"datePublished\":\"2022-02-27T11:27:00+00:00\",\"dateModified\":\"2022-03-06T11:38:26+00:00\",\"breadcrumb\":{\"@id\":\"https:\/\/temporal.si\/index.php\/untis\/#breadcrumb\"},\"inLanguage\":\"sl-SI\",\"potentialAction\":[{\"@type\":\"ReadAction\",\"target\":[\"https:\/\/temporal.si\/index.php\/untis\/\"]}]},{\"@type\":\"ImageObject\",\"inLanguage\":\"sl-SI\",\"@id\":\"https:\/\/temporal.si\/index.php\/untis\/#primaryimage\",\"url\":\"https:\/\/temporal.si\/wp-content\/uploads\/2022\/02\/csm_Untis_Grundpaket_3e77ce607e.jpg\",\"contentUrl\":\"https:\/\/temporal.si\/wp-content\/uploads\/2022\/02\/csm_Untis_Grundpaket_3e77ce607e.jpg\",\"width\":558,\"height\":367},{\"@type\":\"BreadcrumbList\",\"@id\":\"https:\/\/temporal.si\/index.php\/untis\/#breadcrumb\",\"itemListElement\":[{\"@type\":\"ListItem\",\"position\":1,\"name\":\"Home\",\"item\":\"https:\/\/temporal.si\/\"},{\"@type\":\"ListItem\",\"position\":2,\"name\":\"UNTIS\"}]},{\"@type\":\"WebSite\",\"@id\":\"https:\/\/temporal.si\/#website\",\"url\":\"https:\/\/temporal.si\/\",\"name\":\"\",\"description\":\"\",\"potentialAction\":[{\"@type\":\"SearchAction\",\"target\":{\"@type\":\"EntryPoint\",\"urlTemplate\":\"https:\/\/temporal.si\/?s={search_term_string}\"},\"query-input\":{\"@type\":\"PropertyValueSpecification\",\"valueRequired\":true,\"valueName\":\"search_term_string\"}}],\"inLanguage\":\"sl-SI\"}]}<\/script>\n<!-- \/ Yoast SEO plugin. -->","yoast_head_json":{"title":"UNTIS -","robots":{"index":"index","follow":"follow","max-snippet":"max-snippet:-1","max-image-preview":"max-image-preview:large","max-video-preview":"max-video-preview:-1"},"canonical":"https:\/\/temporal.si\/index.php\/untis\/","og_locale":"sl_SI","og_type":"article","og_title":"UNTIS -","og_description":"Avtomatsko sestavljanje urnika Prepustite najte\u017eje delo Untisu. Najsodobnej\u0161i algoritem vam pomaga najti najbolj\u0161o \u010dasovno razporeditev ur pouka. &nbsp; &nbsp; &nbsp; Enostaven za uporabo Uporabni\u0161ki vmesnik je enostaven in prijazen. Vklju\u010den \u010darovnik vas vodi skozi celoten proces sestavljanja urnika. &nbsp; &nbsp; Sodelovanje Razporedite naloge v timu. Izkoristite strokovno znanje pri na\u010drtovanju in izdelavi urnikov. Untis omogo\u010da, ... Read more","og_url":"https:\/\/temporal.si\/index.php\/untis\/","article_modified_time":"2022-03-06T11:38:26+00:00","og_image":[{"url":"https:\/\/temporal.si\/temp\/wp-content\/uploads\/2022\/02\/csm_Untis_Grundpaket_3e77ce607e.jpg","type":"","width":"","height":""}],"twitter_card":"summary_large_image","twitter_misc":{"Est. reading time":"1 minuta"},"schema":{"@context":"https:\/\/schema.org","@graph":[{"@type":"WebPage","@id":"https:\/\/temporal.si\/index.php\/untis\/","url":"https:\/\/temporal.si\/index.php\/untis\/","name":"UNTIS -","isPartOf":{"@id":"https:\/\/temporal.si\/#website"},"primaryImageOfPage":{"@id":"https:\/\/temporal.si\/index.php\/untis\/#primaryimage"},"image":{"@id":"https:\/\/temporal.si\/index.php\/untis\/#primaryimage"},"thumbnailUrl":"https:\/\/temporal.si\/temp\/wp-content\/uploads\/2022\/02\/csm_Untis_Grundpaket_3e77ce607e.jpg","datePublished":"2022-02-27T11:27:00+00:00","dateModified":"2022-03-06T11:38:26+00:00","breadcrumb":{"@id":"https:\/\/temporal.si\/index.php\/untis\/#breadcrumb"},"inLanguage":"sl-SI","potentialAction":[{"@type":"ReadAction","target":["https:\/\/temporal.si\/index.php\/untis\/"]}]},{"@type":"ImageObject","inLanguage":"sl-SI","@id":"https:\/\/temporal.si\/index.php\/untis\/#primaryimage","url":"https:\/\/temporal.si\/wp-content\/uploads\/2022\/02\/csm_Untis_Grundpaket_3e77ce607e.jpg","contentUrl":"https:\/\/temporal.si\/wp-content\/uploads\/2022\/02\/csm_Untis_Grundpaket_3e77ce607e.jpg","width":558,"height":367},{"@type":"BreadcrumbList","@id":"https:\/\/temporal.si\/index.php\/untis\/#breadcrumb","itemListElement":[{"@type":"ListItem","position":1,"name":"Home","item":"https:\/\/temporal.si\/"},{"@type":"ListItem","position":2,"name":"UNTIS"}]},{"@type":"WebSite","@id":"https:\/\/temporal.si\/#website","url":"https:\/\/temporal.si\/","name":"","description":"","potentialAction":[{"@type":"SearchAction","target":{"@type":"EntryPoint","urlTemplate":"https:\/\/temporal.si\/?s={search_term_string}"},"query-input":{"@type":"PropertyValueSpecification","valueRequired":true,"valueName":"search_term_string"}}],"inLanguage":"sl-SI"}]}},"_links":{"self":[{"href":"https:\/\/temporal.si\/index.php\/wp-json\/wp\/v2\/pages\/90","targetHints":{"allow":["GET"]}}],"collection":[{"href":"https:\/\/temporal.si\/index.php\/wp-json\/wp\/v2\/pages"}],"about":[{"href":"https:\/\/temporal.si\/index.php\/wp-json\/wp\/v2\/types\/page"}],"author":[{"embeddable":true,"href":"https:\/\/temporal.si\/index.php\/wp-json\/wp\/v2\/users\/1"}],"replies":[{"embeddable":true,"href":"https:\/\/temporal.si\/index.php\/wp-json\/wp\/v2\/comments?post=90"}],"version-history":[{"count":62,"href":"https:\/\/temporal.si\/index.php\/wp-json\/wp\/v2\/pages\/90\/revisions"}],"predecessor-version":[{"id":365,"href":"https:\/\/temporal.si\/index.php\/wp-json\/wp\/v2\/pages\/90\/revisions\/365"}],"wp:attachment":[{"href":"https:\/\/temporal.si\/index.php\/wp-json\/wp\/v2\/media?parent=90"}],"curies":[{"name":"wp","href":"https:\/\/api.w.org\/{rel}","templated":true}]}}