{"id":98,"date":"2022-02-27T11:29:05","date_gmt":"2022-02-27T11:29:05","guid":{"rendered":"https:\/\/temporal.si\/temp\/?page_id=98"},"modified":"2022-03-09T17:27:56","modified_gmt":"2022-03-09T17:27:56","slug":"reference-2","status":"publish","type":"page","link":"https:\/\/temporal.si\/index.php\/hr\/reference-2\/","title":{"rendered":"REFERENCE"},"content":{"rendered":"<h6>Osnovna \u0161kola Zamet<br \/>\nXV. gimnazija Zagreb<br \/>\nI. Gimnazija Osijek<br \/>\nGimnazija A.G. Mato\u0161a \u0110akovo<br \/>\nElektroindustrijska i obrtni\u010dka \u0161kola Rijeka<br \/>\nUgostiteljska \u0161kola Opatija<br \/>\n&#8230;<\/h6>\n","protected":false},"excerpt":{"rendered":"<p>Osnovna \u0161kola Zamet XV. gimnazija Zagreb I. Gimnazija Osijek Gimnazija A.G. Mato\u0161a \u0110akovo Elektroindustrijska i obrtni\u010dka \u0161kola Rijeka Ugostiteljska \u0161kola Opatija &#8230;<\/p>\n","protected":false},"author":1,"featured_media":0,"parent":0,"menu_order":0,"comment_status":"closed","ping_status":"closed","template":"","meta":{"footnotes":""},"class_list":["post-98","page","type-page","status-publish"],"yoast_head":"<!-- This site is optimized with the Yoast SEO plugin v26.9 - https:\/\/yoast.com\/product\/yoast-seo-wordpress\/ -->\n<title>REFERENCE -<\/title>\n<meta name=\"robots\" content=\"index, follow, max-snippet:-1, max-image-preview:large, max-video-preview:-1\" \/>\n<link rel=\"canonical\" href=\"https:\/\/temporal.si\/index.php\/hr\/reference-2\/\" \/>\n<meta property=\"og:locale\" content=\"sl_SI\" \/>\n<meta property=\"og:type\" content=\"article\" \/>\n<meta property=\"og:title\" content=\"REFERENCE -\" \/>\n<meta property=\"og:description\" content=\"Osnovna \u0161kola Zamet XV. gimnazija Zagreb I. Gimnazija Osijek Gimnazija A.G. Mato\u0161a \u0110akovo Elektroindustrijska i obrtni\u010dka \u0161kola Rijeka Ugostiteljska \u0161kola Opatija &#8230;\" \/>\n<meta property=\"og:url\" content=\"https:\/\/temporal.si\/index.php\/hr\/reference-2\/\" \/>\n<meta property=\"article:modified_time\" content=\"2022-03-09T17:27:56+00:00\" \/>\n<meta name=\"twitter:card\" content=\"summary_large_image\" \/>\n<meta name=\"twitter:label1\" content=\"Est. reading time\" \/>\n\t<meta name=\"twitter:data1\" content=\"1 minuta\" \/>\n<script type=\"application\/ld+json\" class=\"yoast-schema-graph\">{\"@context\":\"https:\/\/schema.org\",\"@graph\":[{\"@type\":\"WebPage\",\"@id\":\"https:\/\/temporal.si\/index.php\/hr\/reference-2\/\",\"url\":\"https:\/\/temporal.si\/index.php\/hr\/reference-2\/\",\"name\":\"REFERENCE -\",\"isPartOf\":{\"@id\":\"https:\/\/temporal.si\/#website\"},\"datePublished\":\"2022-02-27T11:29:05+00:00\",\"dateModified\":\"2022-03-09T17:27:56+00:00\",\"breadcrumb\":{\"@id\":\"https:\/\/temporal.si\/index.php\/hr\/reference-2\/#breadcrumb\"},\"inLanguage\":\"sl-SI\",\"potentialAction\":[{\"@type\":\"ReadAction\",\"target\":[\"https:\/\/temporal.si\/index.php\/hr\/reference-2\/\"]}]},{\"@type\":\"BreadcrumbList\",\"@id\":\"https:\/\/temporal.si\/index.php\/hr\/reference-2\/#breadcrumb\",\"itemListElement\":[{\"@type\":\"ListItem\",\"position\":1,\"name\":\"Home\",\"item\":\"https:\/\/temporal.si\/\"},{\"@type\":\"ListItem\",\"position\":2,\"name\":\"REFERENCE\"}]},{\"@type\":\"WebSite\",\"@id\":\"https:\/\/temporal.si\/#website\",\"url\":\"https:\/\/temporal.si\/\",\"name\":\"\",\"description\":\"\",\"potentialAction\":[{\"@type\":\"SearchAction\",\"target\":{\"@type\":\"EntryPoint\",\"urlTemplate\":\"https:\/\/temporal.si\/?s={search_term_string}\"},\"query-input\":{\"@type\":\"PropertyValueSpecification\",\"valueRequired\":true,\"valueName\":\"search_term_string\"}}],\"inLanguage\":\"sl-SI\"}]}<\/script>\n<!-- \/ Yoast SEO plugin. -->","yoast_head_json":{"title":"REFERENCE -","robots":{"index":"index","follow":"follow","max-snippet":"max-snippet:-1","max-image-preview":"max-image-preview:large","max-video-preview":"max-video-preview:-1"},"canonical":"https:\/\/temporal.si\/index.php\/hr\/reference-2\/","og_locale":"sl_SI","og_type":"article","og_title":"REFERENCE -","og_description":"Osnovna \u0161kola Zamet XV. gimnazija Zagreb I. Gimnazija Osijek Gimnazija A.G. Mato\u0161a \u0110akovo Elektroindustrijska i obrtni\u010dka \u0161kola Rijeka Ugostiteljska \u0161kola Opatija &#8230;","og_url":"https:\/\/temporal.si\/index.php\/hr\/reference-2\/","article_modified_time":"2022-03-09T17:27:56+00:00","twitter_card":"summary_large_image","twitter_misc":{"Est. reading time":"1 minuta"},"schema":{"@context":"https:\/\/schema.org","@graph":[{"@type":"WebPage","@id":"https:\/\/temporal.si\/index.php\/hr\/reference-2\/","url":"https:\/\/temporal.si\/index.php\/hr\/reference-2\/","name":"REFERENCE -","isPartOf":{"@id":"https:\/\/temporal.si\/#website"},"datePublished":"2022-02-27T11:29:05+00:00","dateModified":"2022-03-09T17:27:56+00:00","breadcrumb":{"@id":"https:\/\/temporal.si\/index.php\/hr\/reference-2\/#breadcrumb"},"inLanguage":"sl-SI","potentialAction":[{"@type":"ReadAction","target":["https:\/\/temporal.si\/index.php\/hr\/reference-2\/"]}]},{"@type":"BreadcrumbList","@id":"https:\/\/temporal.si\/index.php\/hr\/reference-2\/#breadcrumb","itemListElement":[{"@type":"ListItem","position":1,"name":"Home","item":"https:\/\/temporal.si\/"},{"@type":"ListItem","position":2,"name":"REFERENCE"}]},{"@type":"WebSite","@id":"https:\/\/temporal.si\/#website","url":"https:\/\/temporal.si\/","name":"","description":"","potentialAction":[{"@type":"SearchAction","target":{"@type":"EntryPoint","urlTemplate":"https:\/\/temporal.si\/?s={search_term_string}"},"query-input":{"@type":"PropertyValueSpecification","valueRequired":true,"valueName":"search_term_string"}}],"inLanguage":"sl-SI"}]}},"_links":{"self":[{"href":"https:\/\/temporal.si\/index.php\/wp-json\/wp\/v2\/pages\/98","targetHints":{"allow":["GET"]}}],"collection":[{"href":"https:\/\/temporal.si\/index.php\/wp-json\/wp\/v2\/pages"}],"about":[{"href":"https:\/\/temporal.si\/index.php\/wp-json\/wp\/v2\/types\/page"}],"author":[{"embeddable":true,"href":"https:\/\/temporal.si\/index.php\/wp-json\/wp\/v2\/users\/1"}],"replies":[{"embeddable":true,"href":"https:\/\/temporal.si\/index.php\/wp-json\/wp\/v2\/comments?post=98"}],"version-history":[{"count":7,"href":"https:\/\/temporal.si\/index.php\/wp-json\/wp\/v2\/pages\/98\/revisions"}],"predecessor-version":[{"id":398,"href":"https:\/\/temporal.si\/index.php\/wp-json\/wp\/v2\/pages\/98\/revisions\/398"}],"wp:attachment":[{"href":"https:\/\/temporal.si\/index.php\/wp-json\/wp\/v2\/media?parent=98"}],"curies":[{"name":"wp","href":"https:\/\/api.w.org\/{rel}","templated":true}]}}